{"id":115,"date":"2018-12-20T12:06:24","date_gmt":"2018-12-20T11:06:24","guid":{"rendered":"http:\/\/dsg.koeln\/?page_id=115"},"modified":"2024-12-01T19:16:08","modified_gmt":"2024-12-01T18:16:08","slug":"mitglied-werden","status":"publish","type":"page","link":"https:\/\/dsg.koeln\/sv\/mitglied-werden\/","title":{"rendered":"Bli medlem"},"content":{"rendered":" Deutsch-Schwedische Gesellschaft K\u00f6ln e.V. \u00e4r alltid glada att v\u00e4lkomna nya medlemmar!<\/p>\n<!-- \/wp:post-content -->\n\n<!-- wp:paragraph -->\n<p>Du \u00e4r v\u00e4lkommen att titta in p\u00e5 v\u00e5r \u201dm\u00f6tesplats f\u00f6r tyskar och svenskar och deras g\u00e4ster\u201d, \u00e4ven k\u00e4nd som stamg\u00e4sternas bord, f\u00f6r att f\u00e5 veta mer om f\u00f6reningen och dess medlemmar. N\u00e4stan alla evenemang \u00e4r \u00f6ppna \u00e4ven f\u00f6r icke-medlemmar, men vid speciella evenemang (t.ex. Lucia, Midsommar) f\u00f6rbeh\u00e5ller vi oss r\u00e4tten att ta ut ett bidrag till kostnaderna av icke-medlemmar.<\/p>\n<!-- \/wp:paragraph -->\n\n<!-- wp:paragraph -->\n<p>Den nuvarande \u00e5rliga medlemsavgiften \u00e4r:<\/p>\n<!-- \/wp:paragraph -->\n\n<!-- wp:paragraph -->\n<p>10,00 \u20ac f\u00f6r enskilda personer,<br>10,00 \u20ac f\u00f6r familjer,<br>10,00 \u20ac f\u00f6r pension\u00e4rer och studenter.<\/p>\n<!-- \/wp:paragraph -->\n\n<!-- wp:paragraph -->\n<p>Fyll bara i <a href=\"http:\/\/www.deutsch-schwedische.de\/DSG_Koeln_Aufnahmeantrag_2018.pdf\">formul\u00e4ret h\u00e4r<\/a> och skicka det med post till den adress som anges i formul\u00e4ret eller e-posta det till vorstand(at)dsg-koeln.de<\/p>\n<!-- \/wp:paragraph -->\n\n<!-- wp:paragraph -->\n<p>Som en del av GDPR kan du ocks\u00e5 skicka PGP-krypterade e-postmeddelanden till direktionen s\u00e5 att du inte beh\u00f6ver skicka dina privata uppgifter via ett os\u00e4kert e-postmeddelande. Du kan ladda ner den <a href=\"http:\/\/www.deutsch-schwedische.de\/DSG_C_Boehme_public.asc\">offentliga nyckeln h\u00e4r<\/a>.<\/p>\n<!-- \/wp:paragraph -->\n\n<!-- wp:paragraph -->\n<p>Fingeravtryck: 1109 B7BE 5789 3DF9 15C9 A5E0 7232 421C 4D8A DEF7 ","protected":false},"excerpt":{"rendered":"<p>Deutsch-Schwedische Gesellschaft K\u00f6ln e.V. \u00e4r alltid glada att v\u00e4lkomna nya medlemmar! Du \u00e4r v\u00e4lkommen att titta in p\u00e5 v\u00e5r \u201dm\u00f6tesplats&hellip;<\/p>\n","protected":false},"author":1,"featured_media":129,"parent":0,"menu_order":0,"comment_status":"closed","ping_status":"closed","template":"","meta":{"footnotes":""},"class_list":["post-115","page","type-page","status-publish","has-post-thumbnail","hentry"],"translation":{"provider":"WPGlobus","version":"3.0.2","language":"sv","enabled_languages":["de","sv"],"languages":{"de":{"title":true,"content":true,"excerpt":false},"sv":{"title":true,"content":true,"excerpt":false}}},"_links":{"self":[{"href":"https:\/\/dsg.koeln\/sv\/wp-json\/wp\/v2\/pages\/115","targetHints":{"allow":["GET"]}}],"collection":[{"href":"https:\/\/dsg.koeln\/sv\/wp-json\/wp\/v2\/pages"}],"about":[{"href":"https:\/\/dsg.koeln\/sv\/wp-json\/wp\/v2\/types\/page"}],"author":[{"embeddable":true,"href":"https:\/\/dsg.koeln\/sv\/wp-json\/wp\/v2\/users\/1"}],"replies":[{"embeddable":true,"href":"https:\/\/dsg.koeln\/sv\/wp-json\/wp\/v2\/comments?post=115"}],"version-history":[{"count":15,"href":"https:\/\/dsg.koeln\/sv\/wp-json\/wp\/v2\/pages\/115\/revisions"}],"predecessor-version":[{"id":392,"href":"https:\/\/dsg.koeln\/sv\/wp-json\/wp\/v2\/pages\/115\/revisions\/392"}],"wp:featuredmedia":[{"embeddable":true,"href":"https:\/\/dsg.koeln\/sv\/wp-json\/wp\/v2\/media\/129"}],"wp:attachment":[{"href":"https:\/\/dsg.koeln\/sv\/wp-json\/wp\/v2\/media?parent=115"}],"curies":[{"name":"wp","href":"https:\/\/api.w.org\/{rel}","templated":true}]}}