{"id":121,"date":"2018-12-20T12:15:11","date_gmt":"2018-12-20T11:15:11","guid":{"rendered":"http:\/\/dsg.koeln\/?page_id=121"},"modified":"2018-12-20T13:05:08","modified_gmt":"2018-12-20T12:05:08","slug":"schulverein","status":"publish","type":"page","link":"https:\/\/dsg.koeln\/sv\/schulverein\/","title":{"rendered":"Skolf\u00f6reningen"},"content":{"rendered":"\n<p>Den Svenska Skolf\u00f6reningen i K\u00f6ln \u00e4r en del av Svensk-Tyska \nF\u00f6reningen. Skolan grundades 1975 f\u00f6r att ge svensktalande barn i K\u00f6ln \nmed omnejd en m\u00f6jlighet att f\u00e5 undervisning p\u00e5 sitt modersm\u00e5l.\nSkolan erbjuder kompletterande undervisning och v\u00e5r m\u00e5ls\u00e4ttning \u00e4r att \nhj\u00e4lpa v\u00e5ra barn att beh\u00e5lla och utveckla det svenska spr\u00e5ket.\nDessutom vill vi f\u00f6rmedla kunskaper om svensk kultur, historia, geografi\n och samh\u00e4llskunskap, allt f\u00f6r att st\u00e4rka barnens svenska identitet.\nSkolan \u00e4r \u00f6ppen f\u00f6r alla elever som har minst en svensk f\u00f6r\u00e4lder och d\u00e4r\n svenskan \u00e4r ett levande spr\u00e5k i hemmet. Familjen m\u00e5ste vara medlem i \nSvensk-Tyska F\u00f6reningen.\nUndervisningen f\u00f6ljer skolverkets kursplan i svenska f\u00f6r kompletterande \nundervisning f\u00f6r svenska elever i utlandet.\nVerksamheten finansieras av en \u00e5rlig skolavgift och statsbidrag fr\u00e5n \nskolverket.<\/p>\n\n\n\n<p style=\"text-align:left\"><strong>Undervisningen<\/strong><br>Undervisningen sker p\u00e5 torsdagar i B\u00fcrgerhaus Stollwerk, K\u00f6ln.<\/p>\n\n\n\n<p><strong>Traditioner<\/strong><br>En viktig del av svenska kulturen \u00e4r v\u00e5ra traditioner. Tillsammans med  Svensk-Tyska F\u00f6reningen firar vi Midsommar och Lucia. Till och fr\u00e5n  organiserar vi \u00e4ven andra aktiviteter som t.ex. tipspromenad,  v\u00e5ffel\u00e4tning eller bioeftermiddagar. <\/p>\n\n\n\n<p><strong>Kontakta oss<\/strong><br>Har du blivit interesserad eller har du fr\u00e5gor om skolan &#8211; kontakta oss p\u00e5 nedanst\u00e5ende adress: skolforeningen.koln (at) mail.de<\/p>\n\n\n\n<p>Hj\u00e4rtligt v\u00e4lkommen!<\/p>\n","protected":false},"excerpt":{"rendered":"<p>Den Svenska Skolf\u00f6reningen i K\u00f6ln \u00e4r en del av Svensk-Tyska F\u00f6reningen. Skolan grundades 1975 f\u00f6r att ge svensktalande barn i&hellip;<\/p>\n","protected":false},"author":1,"featured_media":132,"parent":0,"menu_order":0,"comment_status":"closed","ping_status":"closed","template":"","meta":{"footnotes":""},"class_list":["post-121","page","type-page","status-publish","has-post-thumbnail","hentry"],"translation":{"provider":"WPGlobus","version":"3.0.2","language":"sv","enabled_languages":["de","sv"],"languages":{"de":{"title":true,"content":true,"excerpt":false},"sv":{"title":true,"content":true,"excerpt":false}}},"_links":{"self":[{"href":"https:\/\/dsg.koeln\/sv\/wp-json\/wp\/v2\/pages\/121","targetHints":{"allow":["GET"]}}],"collection":[{"href":"https:\/\/dsg.koeln\/sv\/wp-json\/wp\/v2\/pages"}],"about":[{"href":"https:\/\/dsg.koeln\/sv\/wp-json\/wp\/v2\/types\/page"}],"author":[{"embeddable":true,"href":"https:\/\/dsg.koeln\/sv\/wp-json\/wp\/v2\/users\/1"}],"replies":[{"embeddable":true,"href":"https:\/\/dsg.koeln\/sv\/wp-json\/wp\/v2\/comments?post=121"}],"version-history":[{"count":2,"href":"https:\/\/dsg.koeln\/sv\/wp-json\/wp\/v2\/pages\/121\/revisions"}],"predecessor-version":[{"id":124,"href":"https:\/\/dsg.koeln\/sv\/wp-json\/wp\/v2\/pages\/121\/revisions\/124"}],"wp:featuredmedia":[{"embeddable":true,"href":"https:\/\/dsg.koeln\/sv\/wp-json\/wp\/v2\/media\/132"}],"wp:attachment":[{"href":"https:\/\/dsg.koeln\/sv\/wp-json\/wp\/v2\/media?parent=121"}],"curies":[{"name":"wp","href":"https:\/\/api.w.org\/{rel}","templated":true}]}}