{"id":3,"date":"2018-12-05T15:38:12","date_gmt":"2018-12-05T14:38:12","guid":{"rendered":"http:\/\/dsg.koeln\/?page_id=3"},"modified":"2019-01-04T23:30:05","modified_gmt":"2019-01-04T22:30:05","slug":"datenschutzerklaerung","status":"publish","type":"page","link":"https:\/\/dsg.koeln\/sv\/datenschutzerklaerung\/","title":{"rendered":"Datenschutzerkl\u00e4rung"},"content":{"rendered":"<h2>Wer wir sind<\/h2>\n<p>Verantwortliche Stelle im Sinne der Datenschutzgesetze ist:<\/p>\n<p>Deutsch-Schwedische Gesellschaft e.V. K\u00f6ln<\/p>\n<p>vertreten durch den <a href=\"http:\/\/dsg.koeln\/impressum\"> Vorstand<\/a><\/p>\n<h2><strong>L\u00f6schung bzw. Sperrung der Daten<\/strong><\/h2>\n<p>Wir halten uns an die Grunds\u00e4tze der Datenvermeidung und Datensparsamkeit. Wir speichern Ihre personenbezogenen Daten daher nur so lange, wie dies zur Erreichung der hier genannten Zwecke erforderlich ist oder wie es die vom Gesetzgeber vorgesehenen vielf\u00e4ltigen Speicherfristen vorsehen. Nach Fortfall des jeweiligen Zweckes bzw. Ablauf dieser Fristen werden die entsprechenden Daten routinem\u00e4\u00dfig und entsprechend den gesetzlichen Vorschriften gesperrt oder gel\u00f6scht.<\/p>\n<h2><strong>IP Adresse<\/strong><\/h2>\n<p>Wir speichern die IP-Adresse nur so lange wie dies f\u00fcr die Kommunikation mit Ihrem Computer notwendig ist, d.h Sie Inhalte von uns abrufen. Die Speicherung von IP-Adressen in Logfiles erfolgt nicht.<\/p>\n<h2><strong>Setzen von Cookies<\/strong><\/h2>\n<p>Wir verwenden ein Plugin, dass die Auswahl der bevorzugten Anzeigesprache (Deutsch\/Schwedisch) erm\u00f6glicht und sich mit Hilfe von Nicht-Personalisierten Cookies die Auswahl merkt (Inhalt lediglich &#8220;de&#8221; oder &#8220;sv&#8221;).<\/p>\n<p>Deshalb m\u00fcssen wir einen Cookie-Hinweis einblenden, der sich mit Hilfe von eindeutigen Cookies merkt, ob die Einblendung bereits gezeigt wurde. Diese Information wird von uns an keiner anderen Stelle (z.B. zur Aufzeichnung von Nutzerverhalten) verwendet.<\/p>\n<h2><strong>Eingebettete Inhalte von Google Calendar <\/strong><\/h2>\n<p>Diese Webseite verwendet Google Calendar um eine Terminliste visuell darzustellen. Bei der Nutzung von Google Calendar werden von Google auch Daten \u00fcber die Nutzung der Funktionen durch Besucher erhoben, verarbeitet und genutzt. Dies beinhaltet den Namen der abgerufenen Webseite, Datei, Datum und Uhrzeit des Abrufs, \u00fcbertragene Datenmenge, Meldung \u00fcber erfolgreichen Abruf, Browsertyp nebst Version, das Betriebssystem des Nutzers, Referrer URL (die zuvor besuchte Seite), IP-Adresse und den anfragenden Provider.<\/p>\n<p>N\u00e4here Informationen \u00fcber die Datenverarbeitung durch Google k\u00f6nnen Sie <a href=\"http:\/\/www.google.com\/privacypolicy.html\"> den Google-Datenschutzhinweisen<\/a> entnehmen. Dort k\u00f6nnen Sie im Datenschutzcenter auch Ihre pers\u00f6nlichen Datenschutz-Einstellungen ver\u00e4ndern.<\/p>\n<p>Ausf\u00fchrliche Anleitungen zur Verwaltung der eigenen Daten im Zusammenhang mit Google-Produkten<a href=\"http:\/\/www.dataliberation.org\/\"> finden Sie hier<\/a>.<\/p>\n<h2><strong>Ihre Rechte auf Auskunft, Berichtigung, Sperre, L\u00f6schung und Widerspruch<\/strong><\/h2>\n<p>Sie haben das Recht, jederzeit Auskunft \u00fcber Ihre bei uns gespeicherten personenbezogenen Daten zu erhalten. Ebenso haben Sie das Recht auf Berichtigung, Sperrung oder, abgesehen von der vorgeschriebenen Datenspeicherung zur Gesch\u00e4ftsabwicklung, L\u00f6schung Ihrer personenbezogenen Daten. Bitte wenden Sie sich dazu an unseren Vorstand. Die Kontaktdaten finden Sie ganz unten.<\/p>\n<p>Damit eine Sperre von Daten jederzeit ber\u00fccksichtigt werden kann, m\u00fcssen diese Daten zu Kontrollzwecken in einer Sperrdatei vorgehalten werden. Sie k\u00f6nnen auch die L\u00f6schung der Daten verlangen, soweit keine gesetzliche Archivierungsverpflichtung besteht. Soweit eine solche Verpflichtung besteht, sperren wir Ihre Daten auf Wunsch.<\/p>\n<p>Sie k\u00f6nnen \u00c4nderungen oder den Widerruf einer Einwilligung durch entsprechende Mitteilung an uns mit Wirkung f\u00fcr die Zukunft vornehmen.<\/p>\n<h2><strong>\u00c4nderung unserer Datenschutzbestimmungen<\/strong><\/h2>\n<p>Wir behalten uns vor, diese Datenschutzerkl\u00e4rung gelegentlich anzupassen, damit sie stets den aktuellen rechtlichen Anforderungen entspricht oder um \u00c4nderungen unserer Leistungen in der Datenschutzerkl\u00e4rung umzusetzen, z. B. bei der Einf\u00fchrung neuer Services. F\u00fcr Ihren erneuten Besuch gilt dann die neue Datenschutzerkl\u00e4rung.<\/p>\n<h2><strong>Fragen an den Datenschutzbeauftragten<\/strong><\/h2>\n<p>Wenn Sie Fragen zum Datenschutz haben, schreiben Sie uns bitte eine E-Mail:<\/p>\n<p>vorstand(at)dsg-koeln.de<\/p>\n<p>Aufgrund der Gr\u00f6\u00dfe des Vereins und der Art der verarbeiteten Daten sind wir vom Gesetz nicht zur Bestellung eines Datenschutzbeauftragten verpflichtet.<\/p>\n<p><em>Die Datenschutzerkl\u00e4rung wurde mit dem <\/em> <a href=\"https:\/\/www.activemind.de\/datenschutz\/datenschutzhinweis-generator\/\"> <em>Datenschutzerkl\u00e4rungs-Generator der activeMind AG erstellt<\/em><\/a><em>.<\/em><\/p>\n","protected":false},"excerpt":{"rendered":"<p>Wer wir sind Verantwortliche Stelle im Sinne der Datenschutzgesetze ist: Deutsch-Schwedische Gesellschaft e.V. K\u00f6ln vertreten durch den Vorstand L\u00f6schung bzw.&hellip;<\/p>\n","protected":false},"author":1,"featured_media":0,"parent":0,"menu_order":0,"comment_status":"closed","ping_status":"open","template":"","meta":{"footnotes":""},"class_list":["post-3","page","type-page","status-publish","hentry"],"translation":{"provider":"WPGlobus","version":"3.0.2","language":"sv","enabled_languages":["de","sv"],"languages":{"de":{"title":true,"content":true,"excerpt":false},"sv":{"title":false,"content":false,"excerpt":false}}},"_links":{"self":[{"href":"https:\/\/dsg.koeln\/sv\/wp-json\/wp\/v2\/pages\/3","targetHints":{"allow":["GET"]}}],"collection":[{"href":"https:\/\/dsg.koeln\/sv\/wp-json\/wp\/v2\/pages"}],"about":[{"href":"https:\/\/dsg.koeln\/sv\/wp-json\/wp\/v2\/types\/page"}],"author":[{"embeddable":true,"href":"https:\/\/dsg.koeln\/sv\/wp-json\/wp\/v2\/users\/1"}],"replies":[{"embeddable":true,"href":"https:\/\/dsg.koeln\/sv\/wp-json\/wp\/v2\/comments?post=3"}],"version-history":[{"count":7,"href":"https:\/\/dsg.koeln\/sv\/wp-json\/wp\/v2\/pages\/3\/revisions"}],"predecessor-version":[{"id":274,"href":"https:\/\/dsg.koeln\/sv\/wp-json\/wp\/v2\/pages\/3\/revisions\/274"}],"wp:attachment":[{"href":"https:\/\/dsg.koeln\/sv\/wp-json\/wp\/v2\/media?parent=3"}],"curies":[{"name":"wp","href":"https:\/\/api.w.org\/{rel}","templated":true}]}}