{"id":340,"date":"2024-02-24T14:03:25","date_gmt":"2024-02-24T13:03:25","guid":{"rendered":"https:\/\/dsg.koeln\/?page_id=340"},"modified":"2024-05-01T13:26:53","modified_gmt":"2024-05-01T11:26:53","slug":"dsg-informationen-bei-meta-threads","status":"publish","type":"page","link":"https:\/\/dsg.koeln\/sv\/dsg-informationen-bei-meta-threads\/","title":{"rendered":"DSG-information fr\u00e5n Meta-Threads"},"content":{"rendered":"Ibland m\u00e5ste det g\u00e5 snabbt, d\u00e5 postar vi p\u00e5 <a href=\"https:\/\/www.threads.net\/@dsgkoeln_ev\">Meta Threads<\/a> f\u00f6rst. Du kan ocks\u00e5 se detta h\u00e4r:<\/p>\n<!-- \/wp:paragraph -->\n\n<!-- wp:paragraph -->\n\n<strong>Error - No Access Token found. Please fix from settings.<\/strong>\n\n","protected":false},"excerpt":{"rendered":"<p>Ibland m\u00e5ste det g\u00e5 snabbt, d\u00e5 postar vi p\u00e5 Meta Threads f\u00f6rst. Du kan ocks\u00e5 se detta h\u00e4r:<\/p>\n","protected":false},"author":1,"featured_media":0,"parent":0,"menu_order":0,"comment_status":"closed","ping_status":"closed","template":"","meta":{"footnotes":""},"class_list":["post-340","page","type-page","status-publish","hentry"],"translation":{"provider":"WPGlobus","version":"3.0.2","language":"sv","enabled_languages":["de","sv"],"languages":{"de":{"title":true,"content":true,"excerpt":false},"sv":{"title":true,"content":true,"excerpt":false}}},"_links":{"self":[{"href":"https:\/\/dsg.koeln\/sv\/wp-json\/wp\/v2\/pages\/340","targetHints":{"allow":["GET"]}}],"collection":[{"href":"https:\/\/dsg.koeln\/sv\/wp-json\/wp\/v2\/pages"}],"about":[{"href":"https:\/\/dsg.koeln\/sv\/wp-json\/wp\/v2\/types\/page"}],"author":[{"embeddable":true,"href":"https:\/\/dsg.koeln\/sv\/wp-json\/wp\/v2\/users\/1"}],"replies":[{"embeddable":true,"href":"https:\/\/dsg.koeln\/sv\/wp-json\/wp\/v2\/comments?post=340"}],"version-history":[{"count":22,"href":"https:\/\/dsg.koeln\/sv\/wp-json\/wp\/v2\/pages\/340\/revisions"}],"predecessor-version":[{"id":377,"href":"https:\/\/dsg.koeln\/sv\/wp-json\/wp\/v2\/pages\/340\/revisions\/377"}],"wp:attachment":[{"href":"https:\/\/dsg.koeln\/sv\/wp-json\/wp\/v2\/media?parent=340"}],"curies":[{"name":"wp","href":"https:\/\/api.w.org\/{rel}","templated":true}]}}