{"id":85,"date":"2018-12-20T11:35:24","date_gmt":"2018-12-20T10:35:24","guid":{"rendered":"http:\/\/dsg.koeln\/?page_id=85"},"modified":"2019-01-02T23:44:42","modified_gmt":"2019-01-02T22:44:42","slug":"satzung","status":"publish","type":"page","link":"https:\/\/dsg.koeln\/sv\/satzung\/","title":{"rendered":"Satzung"},"content":{"rendered":"\n<p style=\"text-align:center\">\u00a7 1<br>\nName, Sitz, Rechtsform und Zweck<\/p>\n\n\n\n<ol class=\"wp-block-list\"><li>Der Verein f\u00fchrt den Namen<br> &#8220;DEUTSCH-SCHWEDISCHE GESELLSCHAFT e.V. K\u00d6LN&#8221;.<br> Er hat seinen Sitz in K\u00f6ln.<\/li><li>Die Gesellschaft ist ein nicht wirtschaftlicher Verein gem\u00e4\u00df \u00a7\u00a7 21 ff BGB. Sie verfolgt ausschlie\u00dflich und unmittelbar gemein-n\u00fctzige Zwecke im Sinne des Abschnitts &#8220;Steuerbeg\u00fcnstigte Zwecke&#8221; der Abgabenordnung und zwar insbesondere durch die Pflege der kulturellen und wissenschaftlichen Beziehungen zwischen dem K\u00f6nigreich Schweden und der Bundesrepublik Deutschland.<\/li><li>Das Gesch\u00e4ftsjahr l\u00e4uft vom 1. Januar bis 31. Dezember.<\/li><\/ol>\n\n\n\n<p style=\"text-align:center\">\u00a7 2<br>\nAufgaben der Gesellschaft<\/p>\n\n\n\n<p>Die Gesellschaft ist selbstlos t\u00e4tig. Sie verfolgt nicht in erster Linie eigenwirtschaftliche Zwecke.<\/p>\n\n\n\n<p>Die Aufgaben der Gesellschaft sind:<br>Die F\u00f6rderung und Wahrung kultureller und wissenschaftlicher Belange zwischen dem K\u00f6nigreich Schweden und der Bundesrepublik Deutschland sowie die F\u00f6rderung internationaler Gesinnung, der Toleranz auf allen Gebieten der Kultur und des V\u00f6lkerverst\u00e4ndigungsgedankens.<\/p>\n\n\n\n<p style=\"text-align:center\">\u00a7 3<\/p>\n\n\n\n<p>Der Satzungszweck wird verwirklicht durch die freundschaftliche Zusammenarbeit aller privaten und \u00f6ffentlichen Kreise des K\u00f6nigreiches Schweden und der Bundesrepublik Deutschland, insbesondere auch durch Durchf\u00fchrung kultureller Veranstaltungen.<\/p>\n\n\n\n<p style=\"text-align:center\">\u00a7 4<br>\nMitgliedschaft<\/p>\n\n\n\n<ol class=\"wp-block-list\"><li>Ordentliche Mitglieder des Vereins k\u00f6nnen neben Einzelpersonen auch Beh\u00f6rden, K\u00f6rperschaften und \u00f6ffentlich- rechtliche Anstalten sowie Vereine sein, die sich auf dem gleichen Gebiet bet\u00e4tigen, wie in \u00a7 3.<\/li><li>Die f\u00f6rdernde Mitgliedschaft k\u00f6nnen Einzelpersonen, Beh\u00f6rden, K\u00f6rperschaften und \u00f6ffentlich- rechtliche Anstalten sowie Vereine erwerben.<\/li><li>Die Mitgliedschaft wird schriftlich beim Vorstand beantragt.  Er entscheidet \u00fcber die Aufnahme. Personen, die sich um die F\u00f6rderung der Aufgaben nach \u00a7 2 besonders verdient gemacht haben, k\u00f6nnen zu Ehrenmitgliedern ernannt werden.<\/li><\/ol>\n\n\n\n<p style=\"text-align:center\">\u00a7 5<\/p>\n\n\n\n<ol class=\"wp-block-list\"><li>Die ordentliche Mitgliedschaft endet durch Austritt oder Ausschluss. Der Austritt ist nach vorausgegangener viertelj\u00e4hrlicher schriftlicher K\u00fcndigung zum Ende eines Gesch\u00e4ftsjahres m\u00f6glich.  <br>Der Ausschluss kann erfolgen, wenn ein Mitglied den Aufgaben der Gesellschaft oder den Beschl\u00fcssen ihrer Organe zuwiderhandelt.<\/li><li>Ein f\u00f6rderndes Mitglied kann jederzeit seinen Austritt mit sofortiger Wirkung erkl\u00e4ren.   <\/li><li>Bei Beendigung der ordentlichen Mitgliedschaft besteht kein Anspruch auf das Verm\u00f6gen der Gesellschaft.<\/li><\/ol>\n\n\n\n<p style=\"text-align:center\">\u00a7 6<br>\nMittelbeschaffung<\/p>\n\n\n\n<ol class=\"wp-block-list\"><li>Die Gesellschaft beschafft ihre Mittel durch Beitr\u00e4ge der Mitglieder, durch Veranstaltungen, sowie durch Zuwendungen besonders interessierter Stellen, Unternehmungen und Personen.<\/li><li>Der Jahresbeitrag f\u00fcr Korporationen betr\u00e4gt mindestens 25.- \u20ac. Die ordentlichen Mitglieder zahlen einen von der Mitgliederversammlung festzusetzenden Jahresbetrag, der im Lastschriftverfahren eingezogen wird. \u00dcber Ausnahmen entscheidet der Vorstand.<\/li><\/ol>\n\n\n\n<p style=\"text-align:center\">\u00a7 7<br>\nOrgane<\/p>\n\n\n\n<p>Die Organe der Gesellschaft sind:<\/p>\n\n\n\n<ol class=\"wp-block-list\"><li>Die Mitgliederversammlung<\/li><li>Der Vorstand<\/li><li>Das Pr\u00e4sidium<\/li><\/ol>\n\n\n\n<p style=\"text-align:center\">\u00a7 8<\/p>\n\n\n\n<ol class=\"wp-block-list\"><li>Zur Teilnahme an einer Mitgliederversammlung sind die Mitglieder der Gesellschaft berechtigt. Jedes ordentliche Mitglied (\u00a7 4) hat eine Stimme.<\/li><li>Ordentliche Mitgliederversammlungen finden einmal im Jahr statt. Sie werden von einem der beiden Vorsitzenden einberufen.<\/li><li>Au\u00dferordentliche Mitgliederversammlungen werden von einem der beiden Vorsitzenden nach Bedarf einberufen, ferner innerhalb von 6 Wochen dann, wenn entweder der Vorstand oder mindestens ein Drittel der ordentlichen Mitglieder dies mit schriftlicher Begr\u00fcndung beantragt.<\/li><li>Der Vorstand setzt die Tagesordnung der Mitgliederversammlung fest. Die Einladung zur Mitgliederversammlung veranlasst einer der beiden Vorsitzenden mittels einfacher Postsendung mindestens zwei Wochen vorher unter Angabe der Zeit, des Ortes sowie der Tagesordnung.<\/li><li>Die Niederschriften der Mitgliederversammlungen werden von einem der beiden Vorsitzenden und dem Schriftf\u00fchrer unterzeichnet.<\/li><li>Zur ausschlie\u00dflichen Zust\u00e4ndigkeit der ordentlichen Mitglieder-versammlung geh\u00f6ren:<br> a. Die Wahl des Vorstandes<br> b. Die Entgegennahme des j\u00e4hrlichen Gesch\u00e4fts- und Kassenberichts des Vorstandes<br> c. Die allj\u00e4hrliche Wahl von zwei Kassenpr\u00fcfern<br> d. Die Beratung und Beschlussfassung \u00fcber den Haushaltsplan, die H\u00f6he der Mitgliedsbeitr\u00e4ge und die Entlastung des Vorstandes.<br> e. Die \u00c4nderung der Satzung<\/li><li>Die Beschl\u00fcsse der Mitgliederversammlung erfolgen durch Stimmenmehrheit der abgegebenen Stimmen der anwesenden Mitglieder. Nicht anwesende Mitglieder k\u00f6nnen ihr Stimmrecht einem schriftlich bevollm\u00e4chtigten Mitglied \u00fcbertragen. Stimmenthaltung wird als nicht abgegebene Stimme gewertet.<\/li><li>Zu einem Beschluss, der eine \u00c4nderung der Satzung enth\u00e4lt, gilt die Einschr\u00e4nkung des \u00a7 14 der Satzung.<\/li><\/ol>\n\n\n\n<p style=\"text-align:center\">\u00a7 9<br>\nVorstand<\/p>\n\n\n\n<ol class=\"wp-block-list\"><li>Der Vorstand besteht aus:<br> a. den beiden gesch\u00e4ftsf\u00fchrenden Vorsitzenden<br> b. dem Schriftf\u00fchrer<br> c. dem Kassenwart<br> d. einem Beisitzer<\/li><li>Die Wahl der Vorstandsmitglieder erfolgt durch die Mitglieder-versammlung f\u00fcr drei Jahre. Wiederwahl ist zul\u00e4ssig.<\/li><li>Je zwei Mitglieder des Vorstandes, darunter immer einer der beiden gesch\u00e4ftsf\u00fchrenden Vorsitzenden, vertreten die Gesell-schaft gemeinsam gem\u00e4\u00df \u00a7 26 BGB.<br>Sofern verm\u00f6gensrechtliche Angelegenheiten der Gesellschaft betroffen sind, ist die Hinzuziehung und Mitzeichnung des Kassenwarts erforderlich.<\/li><\/ol>\n\n\n\n<p style=\"text-align:center\">\u00a7 10<br>\nPr\u00e4sidium<\/p>\n\n\n\n<p>Die Mitgliederversammlung w\u00e4hlt ein Pr\u00e4sidium.<br>Das Pr\u00e4sidium besteht aus dem Pr\u00e4sidenten und bis zu 10 Pr\u00e4sidial-mitgliedern. Dem Pr\u00e4sidium obliegt die repr\u00e4sentative Vertretung der Gesellschaft in der \u00d6ffentlichkeit.<\/p>\n\n\n\n<p style=\"text-align:center\">\u00a7 11<\/p>\n\n\n\n<p>Mittel der Gesellschaft d\u00fcrfen nur f\u00fcr satzungsgem\u00e4\u00dfe Zwecke ver-wendet werden. Die Mitglieder erhalten keine Zuwendungen aus Mitteln des Vereins.<\/p>\n\n\n\n<p style=\"text-align:center\">\u00a712<\/p>\n\n\n\n<p>Es d\u00fcrfen keine Personen durch Ausgaben, die dem Zweck der K\u00f6rperschaft fremd sind, oder durch unverh\u00e4ltnism\u00e4\u00dfig hohe Verg\u00fctungen beg\u00fcnstigt werden.<\/p>\n\n\n\n<p style=\"text-align:center\">\u00a7 13<\/p>\n\n\n\n<p>Bei Aufl\u00f6sung der Gesellschaft oder bei Wegfall ihres bisherigen Zwecks f\u00e4llt das Verm\u00f6gen der Gesellschaft zu gleichen Teilen an die Diakonie und den Caritasverband.<\/p>\n\n\n\n<p style=\"text-align:center\">\u00a7 14<\/p>\n\n\n\n<p>Eine Aufl\u00f6sung der Gesellschaft kann nur in einer Mitgliederversammlung beschlossen werden, in welcher die H\u00e4lfte der Mitglieder anwesend sind, bzw. sich schriftlich vertreten l\u00e4sst.<br>Der Beschluss bedarf der 3\/4 Mehrheit der abgegebenen Stimmen. Ist in einer Mitgliederversammlung die H\u00e4lfte der Mitglieder nicht anwesend oder vertreten, so ist eine neue Mitgliederversammlung einzuberufen, in der die 3\/4 Mehrheit der anwesenden oder vertretenen Mitglieder entscheidet.<br>Die neue Mitgliederversammlung kann auch unmittelbar anschlie\u00dfend an die erste Mitgliederversammlung abgehalten werden, wenn auf diese M\u00f6glichkeit in der Einladung ausdr\u00fccklich hingewiesen wurde.<\/p>\n\n\n\n<p style=\"text-align:center\">\u00a7 15<\/p>\n\n\n\n<p>Die Satzung tritt mit ihrer Eintragung in das Vereinsregister in Kraft.<\/p>\n\n\n\n<p>K\u00f6ln, den 15. M\u00e4rz  2013<\/p>\n\n\n\n<p>Ann-Louise Lohbeck, Vorsitzende           Helmut Lohbeck, Kassenwart<\/p>\n","protected":false},"excerpt":{"rendered":"<p>\u00a7 1 Name, Sitz, Rechtsform und Zweck Der Verein f\u00fchrt den Namen &#8220;DEUTSCH-SCHWEDISCHE GESELLSCHAFT e.V. K\u00d6LN&#8221;. Er hat seinen Sitz&hellip;<\/p>\n","protected":false},"author":1,"featured_media":235,"parent":0,"menu_order":0,"comment_status":"closed","ping_status":"closed","template":"","meta":{"footnotes":""},"class_list":["post-85","page","type-page","status-publish","has-post-thumbnail","hentry"],"translation":{"provider":"WPGlobus","version":"3.0.2","language":"sv","enabled_languages":["de","sv"],"languages":{"de":{"title":true,"content":true,"excerpt":false},"sv":{"title":false,"content":false,"excerpt":false}}},"_links":{"self":[{"href":"https:\/\/dsg.koeln\/sv\/wp-json\/wp\/v2\/pages\/85","targetHints":{"allow":["GET"]}}],"collection":[{"href":"https:\/\/dsg.koeln\/sv\/wp-json\/wp\/v2\/pages"}],"about":[{"href":"https:\/\/dsg.koeln\/sv\/wp-json\/wp\/v2\/types\/page"}],"author":[{"embeddable":true,"href":"https:\/\/dsg.koeln\/sv\/wp-json\/wp\/v2\/users\/1"}],"replies":[{"embeddable":true,"href":"https:\/\/dsg.koeln\/sv\/wp-json\/wp\/v2\/comments?post=85"}],"version-history":[{"count":2,"href":"https:\/\/dsg.koeln\/sv\/wp-json\/wp\/v2\/pages\/85\/revisions"}],"predecessor-version":[{"id":87,"href":"https:\/\/dsg.koeln\/sv\/wp-json\/wp\/v2\/pages\/85\/revisions\/87"}],"wp:featuredmedia":[{"embeddable":true,"href":"https:\/\/dsg.koeln\/sv\/wp-json\/wp\/v2\/media\/235"}],"wp:attachment":[{"href":"https:\/\/dsg.koeln\/sv\/wp-json\/wp\/v2\/media?parent=85"}],"curies":[{"name":"wp","href":"https:\/\/api.w.org\/{rel}","templated":true}]}}