{"id":90,"date":"2018-12-20T11:42:13","date_gmt":"2018-12-20T10:42:13","guid":{"rendered":"http:\/\/dsg.koeln\/?page_id=90"},"modified":"2020-07-22T10:47:09","modified_gmt":"2020-07-22T08:47:09","slug":"ueber-den-verein","status":"publish","type":"page","link":"https:\/\/dsg.koeln\/sv\/ueber-den-verein\/","title":{"rendered":"Om F\u00f6reningen"},"content":{"rendered":"<p>Det tyska-svenska samh\u00e4llet i K\u00f6ln grundades 1975 f\u00f6r att fr\u00e4mja kulturella intressen och b\u00e4ttre l\u00e4ra k\u00e4nna Sverige och Tyskland.<\/p>\n<p>Det representerar intressen f\u00f6r svenskarna som bor i K\u00f6ln \/ Bonn-regionen, deras tyska partner och tyskarna som \u00e4r s\u00e4rskilt intresserade av Sverige. Olika evenemang och fr\u00e4mjandet av det svenska spr\u00e5ket b\u00f6r hj\u00e4lpa m\u00e4nniskor fr\u00e5n b\u00e5da l\u00e4nderna att l\u00e4ra sig att f\u00f6rst\u00e5 sig b\u00e4ttre som EU-grannar.<\/p>\n<p>F\u00f6reningen har f\u00f6r n\u00e4rvarande cirka 200 medlemmar. Medlemmarna informeras med oregelbundna intervaller i nyhetsbrev (mestadels via e-post) om samh\u00e4llets h\u00e4ndelser.<\/p>\n<p>Vi erbjuder skolbarn m\u00f6jlighet att g\u00e5 p\u00e5 \u201dsvenska skolan\u201d i K\u00f6ln en g\u00e5ng i veckan, vilket inte bara fr\u00e4mjar spr\u00e5ket f\u00f6rdjupas, utan ocks\u00e5 l\u00e4r tradition och seder.<\/p>\n<p>F\u00f6ruts\u00e4ttningen f\u00f6r att g\u00e5 i klasser \u00e4r att minst en f\u00f6r\u00e4lder \u00e4r av svensk nationalitet och att det svenska spr\u00e5ket ocks\u00e5 odlas hemma.<\/p>\n<p>Om du \u00e4r intresserad, kontakta den svenska skolf\u00f6reningen.<\/p>\n<p>Volont\u00e4rstyrelsen f\u00f6rs\u00f6ker s\u00e4tta ihop ett varierat program med hj\u00e4lp av medlemmarna. Detta inkluderar \u00e4ven bes\u00f6k p\u00e5 utst\u00e4llningar, bes\u00f6k, vandringar och f\u00f6rel\u00e4sningar.<\/p>\n<p>N\u00e4sta h\u00e4ndelser finns i kalendern.<\/p>\n<p>I mars 2020, Jane Clarke och Dr. Christian B\u00f6hme vald.<\/p>\n<p>Sekreteraren \u00e4r Ulrica Persson Vogt och bed\u00f6maren Johanna Modin.<br \/>Nilofar Elhami ansvarar f\u00f6r f\u00f6retagets ekonomi.<\/p>\n<p>V\u00e5r hemsida och v\u00e5ra nyhetsbrev erbjuder v\u00e5ra medlemmar och v\u00e4nner ett forum f\u00f6r utbyte av id\u00e9er.<\/p>\n<p>Det tyska-svenska samh\u00e4llet ber om din f\u00f6rst\u00e5else att vi tyv\u00e4rr inte kan ge information till andra m\u00e4nniskor och att vi i de flesta fall kommer att besvara fr\u00e5gor med en tidsf\u00f6rdr\u00f6jning p\u00e5 grund av tidsbegr\u00e4nsningar.<\/p>\n<p>Vi h\u00e4nvisar till den <a rel=\"noreferrer noopener\" href=\"http:\/\/www.schwedenkammer.de\/\" target=\"_blank\">svenska handelskammaren i D\u00fcsseldorf <\/a>och den <a rel=\"noreferrer noopener\" href=\"http:\/\/www.swedenabroad.com\/de-DE\/Embassies\/Berlin\" target=\"_blank\">svenska ambassaden i Berlin<\/a>.<\/p>\n","protected":false},"excerpt":{"rendered":"<p>Det tyska-svenska samh\u00e4llet i K\u00f6ln grundades 1975 f\u00f6r att fr\u00e4mja kulturella intressen och b\u00e4ttre l\u00e4ra k\u00e4nna Sverige och Tyskland. Det&hellip;<\/p>\n","protected":false},"author":1,"featured_media":148,"parent":0,"menu_order":0,"comment_status":"closed","ping_status":"closed","template":"","meta":{"footnotes":""},"class_list":["post-90","page","type-page","status-publish","has-post-thumbnail","hentry"],"translation":{"provider":"WPGlobus","version":"3.0.2","language":"sv","enabled_languages":["de","sv"],"languages":{"de":{"title":true,"content":true,"excerpt":false},"sv":{"title":true,"content":true,"excerpt":false}}},"_links":{"self":[{"href":"https:\/\/dsg.koeln\/sv\/wp-json\/wp\/v2\/pages\/90","targetHints":{"allow":["GET"]}}],"collection":[{"href":"https:\/\/dsg.koeln\/sv\/wp-json\/wp\/v2\/pages"}],"about":[{"href":"https:\/\/dsg.koeln\/sv\/wp-json\/wp\/v2\/types\/page"}],"author":[{"embeddable":true,"href":"https:\/\/dsg.koeln\/sv\/wp-json\/wp\/v2\/users\/1"}],"replies":[{"embeddable":true,"href":"https:\/\/dsg.koeln\/sv\/wp-json\/wp\/v2\/comments?post=90"}],"version-history":[{"count":7,"href":"https:\/\/dsg.koeln\/sv\/wp-json\/wp\/v2\/pages\/90\/revisions"}],"predecessor-version":[{"id":288,"href":"https:\/\/dsg.koeln\/sv\/wp-json\/wp\/v2\/pages\/90\/revisions\/288"}],"wp:featuredmedia":[{"embeddable":true,"href":"https:\/\/dsg.koeln\/sv\/wp-json\/wp\/v2\/media\/148"}],"wp:attachment":[{"href":"https:\/\/dsg.koeln\/sv\/wp-json\/wp\/v2\/media?parent=90"}],"curies":[{"name":"wp","href":"https:\/\/api.w.org\/{rel}","templated":true}]}}