{"id":96,"date":"2018-12-20T11:49:34","date_gmt":"2018-12-20T10:49:34","guid":{"rendered":"http:\/\/dsg.koeln\/?page_id=96"},"modified":"2019-01-30T14:03:25","modified_gmt":"2019-01-30T13:03:25","slug":"geschichte","status":"publish","type":"page","link":"https:\/\/dsg.koeln\/sv\/geschichte\/","title":{"rendered":"Det Historiska"},"content":{"rendered":"<\/p>\n\n\n<p>I D\u00fcsseldorf och Hamburg fanns det kungliga svenska konsulat s\u00e5som till mars 1975 \u00e4ven i K\u00f6ln. Konsulaten representerade Svenska Statens \u00e5taganden och intressen i Tyskland. Svenskarna i K\u00f6ln kunde utr\u00e4tta\/sk\u00f6ta sina officiella \u00e4renden d\u00e4r och dessutom intensifiera kontakterna till andra svenskar. Samtidigt kunde man informera sig om kulturella svenska eller skandinaviska evenemang i K\u00f6ln och omr\u00e5det. N\u00e4r konsulatet st\u00e4ngdes f\u00f6r gott i mars 1975 var de i omnejden boende svenskarna r\u00e4dda att hamna i en situation d\u00e4r det inte l\u00e4ngre skulle finnas en kontaktpunkt, en &#8220;anl\u00f6pningshamn&#8221;. <\/p>\n\n\n\n<p>Det var d\u00e4rf\u00f6r man besl\u00f6t att bilda en f\u00f6rening med vars hj\u00e4lp man kunde h\u00e5lla konkat med varandra och gemensamt v\u00e5rda den svenska kulturen. Den 1 februari 1975 grundades Tysk Svenska F\u00f6reningen n\u00e4mligen &#8220;Deutsch-Schwedische Gesellschaft e.V. K\u00f6ln&#8221; som registrerades med numret 7100 in f\u00f6reningsregistern av &#8220;Amtsgericht K\u00f6ln&#8221;. F\u00f6reningen &#8211; die Deutsch-Schwedische Gesellschaft K\u00f6ln&#8221; existerar numera i 44 \u00e5r. <\/p>\n\n\n<p>","protected":false},"excerpt":{"rendered":"<p>I D\u00fcsseldorf och Hamburg fanns det kungliga svenska konsulat s\u00e5som till mars 1975 \u00e4ven i K\u00f6ln. Konsulaten representerade Svenska Statens&hellip;<\/p>\n","protected":false},"author":1,"featured_media":133,"parent":0,"menu_order":0,"comment_status":"closed","ping_status":"closed","template":"","meta":{"footnotes":""},"class_list":["post-96","page","type-page","status-publish","has-post-thumbnail","hentry"],"translation":{"provider":"WPGlobus","version":"3.0.2","language":"sv","enabled_languages":["de","sv"],"languages":{"de":{"title":true,"content":true,"excerpt":false},"sv":{"title":true,"content":true,"excerpt":false}}},"_links":{"self":[{"href":"https:\/\/dsg.koeln\/sv\/wp-json\/wp\/v2\/pages\/96","targetHints":{"allow":["GET"]}}],"collection":[{"href":"https:\/\/dsg.koeln\/sv\/wp-json\/wp\/v2\/pages"}],"about":[{"href":"https:\/\/dsg.koeln\/sv\/wp-json\/wp\/v2\/types\/page"}],"author":[{"embeddable":true,"href":"https:\/\/dsg.koeln\/sv\/wp-json\/wp\/v2\/users\/1"}],"replies":[{"embeddable":true,"href":"https:\/\/dsg.koeln\/sv\/wp-json\/wp\/v2\/comments?post=96"}],"version-history":[{"count":3,"href":"https:\/\/dsg.koeln\/sv\/wp-json\/wp\/v2\/pages\/96\/revisions"}],"predecessor-version":[{"id":277,"href":"https:\/\/dsg.koeln\/sv\/wp-json\/wp\/v2\/pages\/96\/revisions\/277"}],"wp:featuredmedia":[{"embeddable":true,"href":"https:\/\/dsg.koeln\/sv\/wp-json\/wp\/v2\/media\/133"}],"wp:attachment":[{"href":"https:\/\/dsg.koeln\/sv\/wp-json\/wp\/v2\/media?parent=96"}],"curies":[{"name":"wp","href":"https:\/\/api.w.org\/{rel}","templated":true}]}}